{"id":61,"date":"2016-07-02T18:10:41","date_gmt":"2016-07-02T17:10:41","guid":{"rendered":"http:\/\/td_uid_1_5777f59193e90"},"modified":"2016-08-13T17:17:24","modified_gmt":"2016-08-13T16:17:24","slug":"news","status":"publish","type":"page","link":"https:\/\/www.latiercevoix.com\/","title":{"rendered":"News"},"content":{"rendered":"<p>[vc_row][vc_column]<div class=\"td_block_wrap td_block_big_grid_7 td_uid_1_69fcd55f15ef9_rand td-grid-style-5 td-hover-1 td-pb-border-top\"  data-td-block-uid=\"td_uid_1_69fcd55f15ef9\" ><div id=td_uid_1_69fcd55f15ef9 class=\"td_block_inner\"><div class=\"td-big-grid-wrapper\">\r\n        <div class=\"td_module_mx12 td-animation-stack td-big-grid-post-0 td-big-grid-post td-small-thumb\">\r\n            <div class=\"td-module-thumb\"><a href=\"https:\/\/www.latiercevoix.com\/?p=4311\" rel=\"bookmark\" title=\"Sudan\u2019s Enduring War and the Limits of the Quad Process\"><img loading=\"lazy\" decoding=\"async\" width=\"356\" height=\"220\" class=\"entry-thumb\" src=\"https:\/\/www.latiercevoix.com\/wp-content\/themes\/Newspaper\/images\/no-thumb\/td_356x220.png\" alt=\"\"\/><\/a><\/div>            <div class=\"td-meta-info-container\">\r\n                <div class=\"td-meta-align\">\r\n                    <div class=\"td-big-grid-meta\">\r\n                        <a href=\"https:\/\/www.latiercevoix.com\/?cat=3\" class=\"td-post-category\">Featured<\/a>                        <h3 class=\"entry-title td-module-title\"><a href=\"https:\/\/www.latiercevoix.com\/?p=4311\" rel=\"bookmark\" title=\"Sudan\u2019s Enduring War and the Limits of the Quad Process\">Sudan\u2019s Enduring War and the Limits of the Quad Process<\/a><\/h3>                    <\/div>\r\n                    <div class=\"td-module-meta-info\">\r\n                        <span class=\"td-post-author-name\"><a href=\"https:\/\/www.latiercevoix.com\/?author=1\">LatefaB<\/a> <span>-<\/span> <\/span>                        <span class=\"td-post-date\"><time class=\"entry-date updated td-module-date\" datetime=\"2026-05-03T12:31:34+00:00\" >3 mai 2026<\/time><\/span>                    <\/div>\r\n                <\/div>\r\n            <\/div>\r\n\r\n        <\/div>\r\n\r\n        <div class=\"td-big-grid-scroll\">\r\n        <div class=\"td_module_mx12 td-animation-stack td-big-grid-post-1 td-big-grid-post td-small-thumb\">\r\n            <div class=\"td-module-thumb\"><a href=\"https:\/\/www.latiercevoix.com\/?p=4308\" rel=\"bookmark\" title=\"Why is Somalia allowing Turkey to tap its oil reserves?\/ Sertan Sanderson \/DEUTCHE WELLE\"><img loading=\"lazy\" decoding=\"async\" width=\"356\" height=\"220\" class=\"entry-thumb\" src=\"https:\/\/www.latiercevoix.com\/wp-content\/themes\/Newspaper\/images\/no-thumb\/td_356x220.png\" alt=\"\"\/><\/a><\/div>            <div class=\"td-meta-info-container\">\r\n                <div class=\"td-meta-align\">\r\n                    <div class=\"td-big-grid-meta\">\r\n                        <a href=\"https:\/\/www.latiercevoix.com\/?cat=3\" class=\"td-post-category\">Featured<\/a>                        <h3 class=\"entry-title td-module-title\"><a href=\"https:\/\/www.latiercevoix.com\/?p=4308\" rel=\"bookmark\" title=\"Why is Somalia allowing Turkey to tap its oil reserves?\/ Sertan Sanderson \/DEUTCHE WELLE\">Why is Somalia allowing Turkey to tap its oil reserves?\/ Sertan Sanderson \/DEUTCHE WELLE<\/a><\/h3>                    <\/div>\r\n                    <div class=\"td-module-meta-info\">\r\n                        <span class=\"td-post-author-name\"><a href=\"https:\/\/www.latiercevoix.com\/?author=1\">LatefaB<\/a> <span>-<\/span> <\/span>                        <span class=\"td-post-date\"><time class=\"entry-date updated td-module-date\" datetime=\"2026-04-30T13:09:37+00:00\" >30 avril 2026<\/time><\/span>                    <\/div>\r\n                <\/div>\r\n            <\/div>\r\n\r\n        <\/div>\r\n\r\n        \r\n        <div class=\"td_module_mx12 td-animation-stack td-big-grid-post-2 td-big-grid-post td-small-thumb\">\r\n            <div class=\"td-module-thumb\"><a href=\"https:\/\/www.latiercevoix.com\/?p=4303\" rel=\"bookmark\" title=\"La guerre sans bataille : la strat\u00e9gie russe en Europe \u00e0 la lumi\u00e8re de \u00ab\u00a0L\u2019Art de la guerre\u00a0\u00bb de Sun Tzu\"><img loading=\"lazy\" decoding=\"async\" width=\"356\" height=\"220\" class=\"entry-thumb\" src=\"https:\/\/www.latiercevoix.com\/wp-content\/themes\/Newspaper\/images\/no-thumb\/td_356x220.png\" alt=\"\"\/><\/a><\/div>            <div class=\"td-meta-info-container\">\r\n                <div class=\"td-meta-align\">\r\n                    <div class=\"td-big-grid-meta\">\r\n                        <a href=\"https:\/\/www.latiercevoix.com\/?cat=3\" class=\"td-post-category\">Featured<\/a>                        <h3 class=\"entry-title td-module-title\"><a href=\"https:\/\/www.latiercevoix.com\/?p=4303\" rel=\"bookmark\" title=\"La guerre sans bataille : la strat\u00e9gie russe en Europe \u00e0 la lumi\u00e8re de \u00ab\u00a0L\u2019Art de la guerre\u00a0\u00bb de Sun Tzu\">La guerre sans bataille : la strat\u00e9gie russe en Europe \u00e0 la lumi\u00e8re de \u00ab\u00a0L\u2019Art de la guerre\u00a0\u00bb de Sun Tzu<\/a><\/h3>                    <\/div>\r\n                    <div class=\"td-module-meta-info\">\r\n                        <span class=\"td-post-author-name\"><a href=\"https:\/\/www.latiercevoix.com\/?author=1\">LatefaB<\/a> <span>-<\/span> <\/span>                        <span class=\"td-post-date\"><time class=\"entry-date updated td-module-date\" datetime=\"2026-04-18T22:40:29+00:00\" >18 avril 2026<\/time><\/span>                    <\/div>\r\n                <\/div>\r\n            <\/div>\r\n\r\n        <\/div>\r\n\r\n        \r\n        <div class=\"td_module_mx6 td-animation-stack td-big-grid-post-3 td-big-grid-post td-small-thumb\">\r\n            <div class=\"td-module-thumb\"><a href=\"https:\/\/www.latiercevoix.com\/?p=4300\" rel=\"bookmark\" title=\"Guerre Iran\/Etats Unis : le grand chambardement\"><img loading=\"lazy\" decoding=\"async\" width=\"265\" height=\"198\" class=\"entry-thumb\" src=\"https:\/\/www.latiercevoix.com\/wp-content\/themes\/Newspaper\/images\/no-thumb\/td_265x198.png\" alt=\"\"\/><\/a><\/div>            <div class=\"td-meta-info-container\">\r\n                <div class=\"td-meta-align\">\r\n                    <div class=\"td-big-grid-meta\">\r\n                        <a href=\"https:\/\/www.latiercevoix.com\/?cat=3\" class=\"td-post-category\">Featured<\/a>                        <h3 class=\"entry-title td-module-title\"><a href=\"https:\/\/www.latiercevoix.com\/?p=4300\" rel=\"bookmark\" title=\"Guerre Iran\/Etats Unis : le grand chambardement\">Guerre Iran\/Etats Unis : le grand chambardement<\/a><\/h3>                    <\/div>\r\n                <\/div>\r\n            <\/div>\r\n\r\n        <\/div>\r\n\r\n\r\n        \r\n        <div class=\"td_module_mx6 td-animation-stack td-big-grid-post-4 td-big-grid-post td-small-thumb\">\r\n            <div class=\"td-module-thumb\"><a href=\"https:\/\/www.latiercevoix.com\/?p=4297\" rel=\"bookmark\" title=\"La Turquie, pilier du r\u00e9armement europ\u00e9en\/Nicolas Bourcier\/C\u00e9line-Pierre Magnani\/LE MONDE\"><img loading=\"lazy\" decoding=\"async\" width=\"265\" height=\"198\" class=\"entry-thumb\" src=\"https:\/\/www.latiercevoix.com\/wp-content\/themes\/Newspaper\/images\/no-thumb\/td_265x198.png\" alt=\"\"\/><\/a><\/div>            <div class=\"td-meta-info-container\">\r\n                <div class=\"td-meta-align\">\r\n                    <div class=\"td-big-grid-meta\">\r\n                        <a href=\"https:\/\/www.latiercevoix.com\/?cat=3\" class=\"td-post-category\">Featured<\/a>                        <h3 class=\"entry-title td-module-title\"><a href=\"https:\/\/www.latiercevoix.com\/?p=4297\" rel=\"bookmark\" title=\"La Turquie, pilier du r\u00e9armement europ\u00e9en\/Nicolas Bourcier\/C\u00e9line-Pierre Magnani\/LE MONDE\">La Turquie, pilier du r\u00e9armement europ\u00e9en\/Nicolas Bourcier\/C\u00e9line-Pierre Magnani\/LE MONDE<\/a><\/h3>                    <\/div>\r\n                <\/div>\r\n            <\/div>\r\n\r\n        <\/div>\r\n\r\n\r\n        \r\n        <div class=\"td_module_mx6 td-animation-stack td-big-grid-post-5 td-big-grid-post td-small-thumb\">\r\n            <div class=\"td-module-thumb\"><a href=\"https:\/\/www.latiercevoix.com\/?p=4294\" rel=\"bookmark\" title=\"Ni r\u00e8gne de la loi, ni loi de la jungle : G\u00e9opolitique et bien commun\"><img loading=\"lazy\" decoding=\"async\" width=\"265\" height=\"198\" class=\"entry-thumb\" src=\"https:\/\/www.latiercevoix.com\/wp-content\/themes\/Newspaper\/images\/no-thumb\/td_265x198.png\" alt=\"\"\/><\/a><\/div>            <div class=\"td-meta-info-container\">\r\n                <div class=\"td-meta-align\">\r\n                    <div class=\"td-big-grid-meta\">\r\n                        <a href=\"https:\/\/www.latiercevoix.com\/?cat=3\" class=\"td-post-category\">Featured<\/a>                        <h3 class=\"entry-title td-module-title\"><a href=\"https:\/\/www.latiercevoix.com\/?p=4294\" rel=\"bookmark\" title=\"Ni r\u00e8gne de la loi, ni loi de la jungle : G\u00e9opolitique et bien commun\">Ni r\u00e8gne de la loi, ni loi de la jungle : G\u00e9opolitique et bien commun<\/a><\/h3>                    <\/div>\r\n                <\/div>\r\n            <\/div>\r\n\r\n        <\/div>\r\n\r\n\r\n        \r\n        <div class=\"td_module_mx6 td-animation-stack td-big-grid-post-6 td-big-grid-post td-small-thumb\">\r\n            <div class=\"td-module-thumb\"><a href=\"https:\/\/www.latiercevoix.com\/?p=4291\" rel=\"bookmark\" title=\"La Turquie face \u00e0 la guerre contre l\u2019Iran\"><img loading=\"lazy\" decoding=\"async\" width=\"265\" height=\"198\" class=\"entry-thumb\" src=\"https:\/\/www.latiercevoix.com\/wp-content\/themes\/Newspaper\/images\/no-thumb\/td_265x198.png\" alt=\"\"\/><\/a><\/div>            <div class=\"td-meta-info-container\">\r\n                <div class=\"td-meta-align\">\r\n                    <div class=\"td-big-grid-meta\">\r\n                        <a href=\"https:\/\/www.latiercevoix.com\/?cat=3\" class=\"td-post-category\">Featured<\/a>                        <h3 class=\"entry-title td-module-title\"><a href=\"https:\/\/www.latiercevoix.com\/?p=4291\" rel=\"bookmark\" title=\"La Turquie face \u00e0 la guerre contre l\u2019Iran\">La Turquie face \u00e0 la guerre contre l\u2019Iran<\/a><\/h3>                    <\/div>\r\n                <\/div>\r\n            <\/div>\r\n\r\n        <\/div>\r\n\r\n\r\n        <\/div><\/div><div class=\"clearfix\"><\/div><\/div><\/div> <!-- .\/block -->[\/vc_column][\/vc_row][vc_row][vc_column]<div class=\"td-a-rec td-a-rec-id-custom_ad_1 \"><div class=\"td-all-devices\"><a href=\"#\"><img decoding=\"async\" src=\"http:\/\/www.latiercevoix.com\/wp-content\/uploads\/2016\/07\/big_ad_fashion.jpg\"\/><\/a><\/div><\/div>[\/vc_column][\/vc_row]<\/p>\n","protected":false},"excerpt":{"rendered":"<p>[vc_row][vc_column][\/vc_column][\/vc_row][vc_row][vc_column][\/vc_column][\/vc_row]<\/p>\n","protected":false},"author":1,"featured_media":0,"parent":0,"menu_order":0,"comment_status":"open","ping_status":"closed","template":"page-pagebuilder-latest.php","meta":{"footnotes":""},"class_list":["post-61","page","type-page","status-publish","hentry"],"_links":{"self":[{"href":"https:\/\/www.latiercevoix.com\/index.php?rest_route=\/wp\/v2\/pages\/61","targetHints":{"allow":["GET"]}}],"collection":[{"href":"https:\/\/www.latiercevoix.com\/index.php?rest_route=\/wp\/v2\/pages"}],"about":[{"href":"https:\/\/www.latiercevoix.com\/index.php?rest_route=\/wp\/v2\/types\/page"}],"author":[{"embeddable":true,"href":"https:\/\/www.latiercevoix.com\/index.php?rest_route=\/wp\/v2\/users\/1"}],"replies":[{"embeddable":true,"href":"https:\/\/www.latiercevoix.com\/index.php?rest_route=%2Fwp%2Fv2%2Fcomments&post=61"}],"version-history":[{"count":3,"href":"https:\/\/www.latiercevoix.com\/index.php?rest_route=\/wp\/v2\/pages\/61\/revisions"}],"predecessor-version":[{"id":145,"href":"https:\/\/www.latiercevoix.com\/index.php?rest_route=\/wp\/v2\/pages\/61\/revisions\/145"}],"wp:attachment":[{"href":"https:\/\/www.latiercevoix.com\/index.php?rest_route=%2Fwp%2Fv2%2Fmedia&parent=61"}],"curies":[{"name":"wp","href":"https:\/\/api.w.org\/{rel}","templated":true}]}}